{"id":11,"date":"2022-02-01T13:32:32","date_gmt":"2022-02-01T13:32:32","guid":{"rendered":"https:\/\/celsius-medical.com\/celsius\/?page_id=11"},"modified":"2023-04-10T12:29:24","modified_gmt":"2023-04-10T12:29:24","slug":"empresa","status":"publish","type":"page","link":"https:\/\/celsius-medical.com\/celsius\/empresa\/","title":{"rendered":"Empresa"},"content":{"rendered":"<section class=\"l-section wpb_row height_auto width_full\"><div class=\"l-section-h g-html i-cf\"><div class=\"g-cols offset_none\"><div class=\" full-width\">\n\t\t\t<!-- START Empresa REVOLUTION SLIDER 6.5.14 --><p class=\"rs-p-wp-fix\"><\/p>\n\t\t\t<rs-module-wrap id=\"rev_slider_6_1_wrapper\" data-source=\"gallery\" style=\"visibility:hidden;background:transparent;padding:0;margin:0px auto;margin-top:0;margin-bottom:0;\">\n\t\t\t\t<rs-module id=\"rev_slider_6_1\" style=\"\" data-version=\"6.5.14\">\n\t\t\t\t\t<rs-slides>\n\t\t\t\t\t\t<rs-slide style=\"position: absolute;\" data-key=\"rs-11\" data-title=\"Empresa\" data-in=\"o:0;\" data-out=\"a:false;\">\n\t\t\t\t\t\t\t<img loading=\"lazy\" decoding=\"async\" src=\"\/\/celsius-medical.com\/celsius\/wp-content\/plugins\/revslider\/public\/assets\/assets\/dummy.png\" alt=\"\" title=\"sala_confeencias_celsius\" width=\"2100\" height=\"1400\" class=\"rev-slidebg tp-rs-img rs-lazyload\" data-lazyload=\"\/\/celsius-medical.com\/celsius\/wp-content\/uploads\/2022\/03\/sala_confeencias_celsius.png\" data-bg=\"f:contain;\" data-no-retina>\n<!---->\t\t\t\t\t\t<\/rs-slide>\n\t\t\t\t\t<\/rs-slides>\n\t\t\t\t<\/rs-module>\n\t\t\t\t<script>\n\t\t\t\t\tsetREVStartSize({c: 'rev_slider_6_1',rl:[1240,1024,778,480],el:[900],gw:[1240],gh:[900],type:'standard',justify:'',layout:'fullwidth',mh:\"0\"});if (window.RS_MODULES!==undefined && window.RS_MODULES.modules!==undefined && window.RS_MODULES.modules[\"revslider61\"]!==undefined) {window.RS_MODULES.modules[\"revslider61\"].once = false;window.revapi6 = undefined;if (window.RS_MODULES.checkMinimal!==undefined) window.RS_MODULES.checkMinimal()}\n\t\t\t\t<\/script>\n\t\t\t<\/rs-module-wrap>\n\t\t\t<!-- END REVOLUTION SLIDER -->\n<\/div><\/div><\/div><\/section><section class=\"l-section wpb_row height_medium\"><div class=\"l-section-h g-html i-cf\"><div class=\"g-cols offset_small\"><div class=\" full-width\"><div class=\"wpb_text_column \"><div class=\"wpb_wrapper\">\n<h5>Fundada en 2011, <strong>Celsius Medical<\/strong> es una empresa espa\u00f1ola dedicada al desarrollo y fabricaci\u00f3n de soluciones para la prevenci\u00f3n de la hipotermia peri-operatoria y el mantenimiento normot\u00e9rmico.<\/h5>\n<h5>Actualmente,&nbsp;ofrecemos nuestro sistema de calentamiento por aire convectivo&nbsp;<b>CALIMA <sup>TM<\/sup><\/b>, compuesto por un generador de aire caliente de ultima generaci\u00f3n y una gama completa de mantas para la \u00f3ptima distribuci\u00f3n del aire, as\u00ed como nuestro sistema de calentamiento de fluidos&nbsp;<b>GEYSER <\/b><b><sup>TM<\/sup><\/b> compuesto una unidad calentadora y sus correspondientes sets desechables.<\/h5>\n<h5><b>Nuestros productos <\/b>est\u00e1n disponibles de forma global en los cinco continentes, sujetos a los requisitos legales de car\u00e1cter local, a trav\u00e9s de nuestra experta y reputada red de distribuidores internacionales.<\/h5>\n<h5><b>Nuestro equipo humano <\/b>mantiene su compromiso de mejora continua de sus productos y servicios, trabajando de la mano de profesionales sanitarios en el desarrollo de soluciones innovadoras que mejoren la vida de sus pacientes.<\/h5>\n<h5><b>Nuestros diversos procesos de fabricaci\u00f3n<\/b>, garantizan la calidad de nuestros productos y servicios, actualizando y mejorando de forma constante los mismos para satisfacer las necesidades de nuestros clientes de acuerdo a la legislaci\u00f3n sanitaria vigente.<\/h5>\n<h5><b>Nuestra sede<\/b>, situada a las afueras de Madrid (Espa\u00f1a), dispone de 3000 m2 destinados a las oficinas generales, servicio t\u00e9cnico, producci\u00f3n, control de calidad, sala blanca, I+D y log\u00edstica.<\/h5>\n<\/div> <\/div> <div class=\"g-cols wpb_row offset_medium vc_inner\"><div class=\" one-quarter\"><\/div><div class=\" three-quarters\"><div class=\"wpb_text_column \"><div class=\"wpb_wrapper\"><p>\n<\/p><\/div> <\/div> <\/div><\/div><div class=\"g-cols wpb_row offset_small vc_inner\"><div class=\" full-width\"><div class=\"wpb_text_column \"><div class=\"wpb_wrapper\"><p>\n<\/p><\/div> <\/div> <\/div><\/div><\/div><\/div><\/div><\/section>\n\n<div class=\"wp-block-image\">\n<figure class=\"aligncenter size-full is-resized\"><a href=\"https:\/\/celsius-medical.com\/celsius\/wp-content\/uploads\/2023\/04\/34_4703_23_2049_CELSIUS-MEDICAL_CAST.pdf\" target=\"_blank\" rel=\"noreferrer noopener\"><img loading=\"lazy\" decoding=\"async\" src=\"https:\/\/celsius-medical.com\/celsius\/wp-content\/uploads\/2023\/04\/Image-50@2x.png\" alt=\"\" class=\"wp-image-620\" width=\"250\" height=\"157\" srcset=\"https:\/\/celsius-medical.com\/celsius\/wp-content\/uploads\/2023\/04\/Image-50@2x.png 364w, https:\/\/celsius-medical.com\/celsius\/wp-content\/uploads\/2023\/04\/Image-50@2x-300x188.png 300w\" sizes=\"(max-width: 250px) 100vw, 250px\" \/><\/a><\/figure><\/div>\n\n\n<p class=\"has-text-align-center\"><strong>ISO 13485:2018<\/strong><\/p>\n","protected":false},"excerpt":{"rendered":"<p>ISO 13485:2018<\/p>\n","protected":false},"author":1,"featured_media":0,"parent":0,"menu_order":0,"comment_status":"closed","ping_status":"closed","template":"","meta":{"footnotes":""},"_links":{"self":[{"href":"https:\/\/celsius-medical.com\/celsius\/wp-json\/wp\/v2\/pages\/11"}],"collection":[{"href":"https:\/\/celsius-medical.com\/celsius\/wp-json\/wp\/v2\/pages"}],"about":[{"href":"https:\/\/celsius-medical.com\/celsius\/wp-json\/wp\/v2\/types\/page"}],"author":[{"embeddable":true,"href":"https:\/\/celsius-medical.com\/celsius\/wp-json\/wp\/v2\/users\/1"}],"replies":[{"embeddable":true,"href":"https:\/\/celsius-medical.com\/celsius\/wp-json\/wp\/v2\/comments?post=11"}],"version-history":[{"count":71,"href":"https:\/\/celsius-medical.com\/celsius\/wp-json\/wp\/v2\/pages\/11\/revisions"}],"predecessor-version":[{"id":685,"href":"https:\/\/celsius-medical.com\/celsius\/wp-json\/wp\/v2\/pages\/11\/revisions\/685"}],"wp:attachment":[{"href":"https:\/\/celsius-medical.com\/celsius\/wp-json\/wp\/v2\/media?parent=11"}],"curies":[{"name":"wp","href":"https:\/\/api.w.org\/{rel}","templated":true}]}}