{"id":19,"date":"2022-02-01T17:19:59","date_gmt":"2022-02-01T17:19:59","guid":{"rendered":"https:\/\/celsius-medical.com\/celsius\/?page_id=19"},"modified":"2023-11-16T14:07:18","modified_gmt":"2023-11-16T14:07:18","slug":"calentamiento-de-aire","status":"publish","type":"page","link":"https:\/\/celsius-medical.com\/celsius\/calentamiento-de-aire\/","title":{"rendered":"Calentamiento de aire"},"content":{"rendered":"<section class=\"l-section wpb_row height_medium\"><div class=\"l-section-h g-html i-cf\"><div class=\"g-cols offset_small\"><div class=\" full-width\">\n\t\t\t<!-- START Calima REVOLUTION SLIDER 6.5.14 --><p class=\"rs-p-wp-fix\"><\/p>\n\t\t\t<rs-module-wrap id=\"rev_slider_3_1_wrapper\" data-source=\"gallery\" style=\"visibility:hidden;background:transparent;padding:0;margin:0px auto;margin-top:0;margin-bottom:0;\">\n\t\t\t\t<rs-module id=\"rev_slider_3_1\" style=\"\" data-version=\"6.5.14\">\n\t\t\t\t\t<rs-slides>\n\t\t\t\t\t\t<rs-slide style=\"position: absolute;\" data-key=\"rs-4\" data-title=\"Calima\" data-in=\"o:0;\" data-out=\"a:false;\">\n\t\t\t\t\t\t\t<img loading=\"lazy\" decoding=\"async\" src=\"\/\/celsius-medical.com\/celsius\/wp-content\/plugins\/revslider\/public\/assets\/assets\/dummy.png\" alt=\"\" title=\"Calima_1920x1200\" width=\"1920\" height=\"1200\" class=\"rev-slidebg tp-rs-img rs-lazyload\" data-lazyload=\"\/\/celsius-medical.com\/celsius\/wp-content\/uploads\/2022\/02\/Calima_1920x1200.png\" data-no-retina>\n<!--\n\t\t\t\t\t\t\t--><rs-layer\n\t\t\t\t\t\t\t\tid=\"slider-3-slide-4-layer-0\" \n\t\t\t\t\t\t\t\tdata-type=\"text\"\n\t\t\t\t\t\t\t\tdata-color=\"#fff\"\n\t\t\t\t\t\t\t\tdata-rsp_ch=\"on\"\n\t\t\t\t\t\t\t\tdata-xy=\"x:r;xo:61px,50px,37px,22px;yo:95px,78px,59px,36px;\"\n\t\t\t\t\t\t\t\tdata-text=\"w:normal;s:30,24,18,11;l:45,37,28,17;ls:2,1,0,0;fw:300;a:center;\"\n\t\t\t\t\t\t\t\tdata-dim=\"minh:0px,none,none,none;\"\n\t\t\t\t\t\t\t\tdata-padding=\"t:10,8,6,4;r:10,8,6,4;b:10,8,6,4;l:10,8,6,4;\"\n\t\t\t\t\t\t\t\tdata-border=\"bos:solid;boc:#503389;bow:1px,1px,1px,1px;bor:35px,35px,35px,35px;\"\n\t\t\t\t\t\t\t\tdata-frame_999=\"o:0;st:w;\"\n\t\t\t\t\t\t\t\tstyle=\"z-index:5;background-color:rgba(80,51,137,0.5);font-family:'Raleway';\"\n\t\t\t\t\t\t\t>CALIMA \u2122 \u2013 SISTEMA DE CALENTAMIENTO CONVECTIVO POR AIRE <br \/>\n \n\t\t\t\t\t\t\t<\/rs-layer><!--\n\n\t\t\t\t\t\t\t--><rs-layer\n\t\t\t\t\t\t\t\tid=\"slider-3-slide-4-layer-1\" \n\t\t\t\t\t\t\t\tdata-type=\"text\"\n\t\t\t\t\t\t\t\tdata-bsh=\"c:rgba(0,0,0,0.5);\"\n\t\t\t\t\t\t\t\tdata-tsh=\"c:rgba(0,0,0,0.75);h:5px,4px,3px,1px;b:10px,8px,6px,3px;\"\n\t\t\t\t\t\t\t\tdata-rsp_ch=\"on\"\n\t\t\t\t\t\t\t\tdata-xy=\"x:c;xo:203px,167px,126px,77px;yo:401px,331px,251px,154px;\"\n\t\t\t\t\t\t\t\tdata-text=\"w:normal;s:24,19,14,8;l:30,24,18,11;ls:1,0,0,0;fw:300;\"\n\t\t\t\t\t\t\t\tdata-dim=\"w:778px,642px,487px,300px;h:155px,128px,97px,59px;minh:0,none,none,none;\"\n\t\t\t\t\t\t\t\tdata-padding=\"t:20,17,13,8;r:20,17,13,8;b:20,17,13,8;l:20,17,13,8;\"\n\t\t\t\t\t\t\t\tdata-frame_999=\"o:0;st:w;\"\n\t\t\t\t\t\t\t\tstyle=\"z-index:6;background-color:rgba(80,51,137,0.5);font-family:'Open Sans';\"\n\t\t\t\t\t\t\t>El Sistema de calentamiento convectivo por aire CALIMA\u2122, est\u00e1 compuesto por la unidad calentadora CALIMA\u2122 y las mantas desechables CALIMA\u2122, disponibles tanto est\u00e9riles como no est\u00e9riles. \n\t\t\t\t\t\t\t<\/rs-layer><!--\n-->\t\t\t\t\t\t<\/rs-slide>\n\t\t\t\t\t<\/rs-slides>\n\t\t\t\t\t<rs-static-layers><!--\n\t\t\t\t\t--><\/rs-static-layers>\n\t\t\t\t<\/rs-module>\n\t\t\t\t<script>\n\t\t\t\t\tsetREVStartSize({c: 'rev_slider_3_1',rl:[1240,1024,778,480],el:[900,768,960,720],gw:[1240,1024,778,480],gh:[900,768,960,720],type:'standard',justify:'',layout:'fullwidth',mh:\"0\"});if (window.RS_MODULES!==undefined && window.RS_MODULES.modules!==undefined && window.RS_MODULES.modules[\"revslider31\"]!==undefined) {window.RS_MODULES.modules[\"revslider31\"].once = false;window.revapi3 = undefined;if (window.RS_MODULES.checkMinimal!==undefined) window.RS_MODULES.checkMinimal()}\n\t\t\t\t<\/script>\n\t\t\t<\/rs-module-wrap>\n\t\t\t<!-- END REVOLUTION SLIDER -->\n<\/div><\/div><\/div><\/section><section class=\"l-section wpb_row height_medium\"><div class=\"l-section-h g-html i-cf\"><div class=\"g-cols offset_small\"><div class=\" one-half\">\n<div class=\"wpb_text_column \"><div class=\"wpb_wrapper\">\n<table width=\"100%\">\n<tbody>\n<tr bgcolor=\"#503389\">\n<td width=\"30%\">\n<h6><b>REFERENCIA<\/b><\/h6>\n<\/td>\n<td width=\"70%\">\n<h6><b>DESCRIPCI\u00d3N<\/b><\/h6>\n<\/td>\n<\/tr>\n<tr style=\"border-bottom: 1px solid #000000;\">\n<td width=\"387\">CCALIMA1<\/td>\n<td width=\"773\">UNIDAD CALENTADORA CALIMA 100-120 V &#8211; PARA MANTAS CON CART\u00d3N<\/td>\n<\/tr>\n<tr style=\"border-bottom: 1px solid #000000;\">\n<td width=\"387\">CCALIMA2<\/td>\n<td width=\"773\">UNIDAD CALENTADORA CALIMA 220-240 V &#8211; PARA MANTAS CON CART\u00d3N<\/td>\n<\/tr>\n<tr style=\"border-bottom: 1px solid #000000;\">\n<td width=\"387\">CALIMA12<\/td>\n<td width=\"773\">UNIDAD CALENTADORA CALIMA 100-120 V &#8211; PARA MANTAS SIN CART\u00d3N<\/td>\n<\/tr>\n<tr style=\"border-bottom: 1px solid #000000;\">\n<td width=\"387\">CALIMA22<\/td>\n<td width=\"773\">UNIDAD CALENTADORA CALIMA 220-240 V &#8211; PARA MANTAS SIN CART\u00d3N<\/td>\n<\/tr>\n<tr style=\"border-bottom: 1px solid #000000;\">\n<td width=\"387\">CCALIMA121<\/td>\n<td width=\"773\">UNIDAD CALENTADORA CALIMA 100-120 V &#8211; PARA MANTAS CON CART\u00d3N RM<\/td>\n<\/tr>\n<tr style=\"border-bottom: 1px solid #000000;\">\n<td width=\"387\">CCALIMA221<\/td>\n<td width=\"773\">UNIDAD CALENTADORA CALIMA 220-240 V &#8211; PARA MANTAS SIN CART\u00d3N RM<\/td>\n<\/tr>\n<tr style=\"border-bottom: 1px solid #000000;\">\n<td width=\"387\">CALSTAND1<\/td>\n<td width=\"773\">SOPORTE M\u00d3VIL PARA UNIDAD CALENTADORA CALIMA<\/td>\n<\/tr>\n<tr style=\"border-bottom: 1px solid #000000;\">\n<td width=\"387\">204-KH 0001<\/td>\n<td width=\"773\">RECAMBIO DE FILTRO HEPA<\/td>\n<\/tr>\n<\/tbody>\n<\/table>\n<\/div> <\/div> <\/div><div class=\" one-half\"><div class=\"wpb_text_column \"><div class=\"wpb_wrapper\">\n<h5><b>La unidad calentadora CALIMA<\/b>\u2122<\/h5>\n<p><b>Potente, vers\u00e1til y silenciosa<\/b> \u2013\u00a0Las 3 velocidades de turbina y los 4 niveles de temperatura permiten 12 posibles combinaciones para cubrir todas las necesidades de rendimiento, entregando la potencia requerida en cada momento y adecuando los niveles de sonoridad al m\u00ednimo posible.<br \/>\n<b>Compacta y robusta<\/b>\u00a0\u2013 Debido a su dise\u00f1o compacto con asa de transporte, reducidos tama\u00f1o y peso (&lt; 6 kg), es f\u00e1cil de mover y colocar de forma segura y estable, tanto cuando se sit\u00faa sobre la cama, mesa, carro de transporte Calstand, palo de gotero, o junto al paciente.<br \/>\n<b>F\u00e1cil de usar<\/b>\u00a0\u2013 Un Display luminoso, sencillo e intuitivo, situado en el frontal, permite un uso f\u00e1cil\u00a0 y r\u00e1pido del dispositivo. Adem\u00e1s, un m\u00ednimo mantenimiento rutinario, y su filtro HEPA de 1000 horas garantizan la eficiencia y durabilidad del dispositivo.<br \/>\n<b>R\u00e1pida<\/b> \u2013 Alcanza la temperatura de destino deseada r\u00e1pidamente (&lt; 2 min)<br \/>\n<b>Segura<\/b>\u00a0\u2013 Dispone de mecanismos de seguridad para asegurar un control de la temperatura objetivo, garantizando la seguridad del paciente en todo momento en acorde con los est\u00e1ndares actuales de seguridad.<br \/>\n<b>Tubo ligero y flexible\u00a0<\/b>\u2013 La manguera reforzada con nervaduras permite, gracias a su flexibilidad, multiples opciones de colocaci\u00f3n del dispositivo en diversas posiciones.<br \/>\nOpci\u00f3n esp\u00e9cifica para uso en sala de RM<br \/>\n<b>Uso exclusivo \u2013 <\/b>Las unidades calentadoras CALIMA\u2122 son de uso exclusivo con Mantas CALIMA\u2122 o mantas compatibles autorizadas.<\/p>\n<\/div> <\/div> <\/div><\/div><\/div><\/section><section class=\"l-section wpb_row height_medium\"><div class=\"l-section-h g-html i-cf\"><div class=\"g-cols offset_small\"><div class=\" full-width\"><div class=\"w-separator type_fullwidth size_medium thick_2 style_solid color_primary cont_none\"><span class=\"w-separator-h\"><\/span><\/div><\/div><\/div><\/div><\/section><section class=\"l-section wpb_row height_medium\"><div class=\"l-section-h g-html i-cf\"><div class=\"g-cols offset_small\"><div class=\" one-half\"><div class=\"wpb_text_column \"><div class=\"wpb_wrapper\">\n<h5><b>La gama de Mantas CALIMA<\/b>\u2122<\/h5>\n<p><b>Gama <\/b><b>completa<\/b> <b>\u2013<\/b> Los m\u00falltiples tipos de mantas permiten al usuario\u00a0 cubrir todas sus necesidades en cualquier procedimiento quir\u00fargico o necesidad cl\u00ednica.<br \/>\n<b>Material <\/b><b>\u2013<\/b> Las mantas CALIMA\u2122 est\u00e1n fabricadas con material biocompatible para uso sanitario, cumpliento la normativa vigente al respecto.<br \/>\nAusente de latex y rigurosamente testado.<br \/>\nMuy ligeras, de tacto suave y agradable, maleables y resistentes a desgarros accidentales.<br \/>\n<b>Rendimiento<\/b> <b>\u2013<\/b> Las micro perforaciones uniformes del tejido, garantizan la perfecta distribuci\u00f3n del aire por toda la superficie de la manta alcanzando la m\u00e1xima eficacia energ\u00e9tica.<br \/>\n<b>Eficacia<\/b><b> \u2013<\/b> Sus dise\u00f1os permiten m\u00faltiples opciones de colocaci\u00f3n en funci\u00f3n de las necesidades de cada usuario y paciente.<br \/>\n<b>Seguridad<\/b> <b>\u2013<\/b> Los diversos sistemas de inserci\u00f3n, estabilizaci\u00f3n y sujeci\u00f3n garantizan un uso seguro del dispositivo evitando desconexiones o movimientos no deseados.<br \/>\n<b>Esterilidad <\/b><b>\u2013<\/b> Todas las mantas CALIMA\u2122 se ofrecen en formatos Est\u00e9ril \/No est\u00e9ril<br \/>\n<b>Uso exclusivo <\/b><b>\u2013<\/b> Las Mantas CALIMA\u2122 son de uso exclusivo con unidades calentadoras CALIMA\u2122.<br \/>\n<\/div> <\/div> <\/div><div class=\" one-half\"><div class=\"wpb_text_column \"><div class=\"wpb_wrapper\">\n<table width=\"100%\">\n<tbody>\n<tr bgcolor=\"#503389\">\n<td width=\"50%\">\n<h6><b>REFERENCIA<\/b><\/h6>\n<\/td>\n<td width=\"50%\">\n<h6><b>DESCRIPCI\u00d3N<\/b><\/h6>\n<\/td>\n<\/tr>\n<tr style=\"border-bottom: 1px solid #000000;\">\n<td width=\"451\">CNOFB1\/CNOFB2\/CSOFB1\/CSOFB2<\/td>\n<td width=\"460\">MANTA CUERPO ENTERO<\/td>\n<\/tr>\n<tr style=\"border-bottom: 1px solid #000000;\">\n<td width=\"451\">CNOLB1\/ CNOLB2\/CSOLB1\/CSOLB2<\/td>\n<td width=\"460\">MANTA MIEMBROS INFERIORES<\/td>\n<\/tr>\n<tr style=\"border-bottom: 1px solid #000000;\">\n<td width=\"451\">CNOUB1\/CNOUB2\/CSOUB1\/CSOUB2<\/td>\n<td width=\"460\">MANTA MIEMBRO SUPERIORES<\/td>\n<\/tr>\n<tr style=\"border-bottom: 1px solid #000000;\">\n<td width=\"451\">CNOMA1\/CNOMA2\/CSOMA1\/CSOMA2<\/td>\n<td width=\"460\">MANTA MULTIACCESO<\/td>\n<\/tr>\n<tr style=\"border-bottom: 1px solid #000000;\">\n<td width=\"451\">CNOTO1\/CNOTO2\/CSOTO1\/CSOTO2<\/td>\n<td width=\"460\">MANTA TORSO<\/td>\n<\/tr>\n<tr style=\"border-bottom: 1px solid #000000;\">\n<td width=\"451\">CNOPE1\/CNOPE2\/CSOPE1\/CSOPE2<\/td>\n<td width=\"460\">MANTA PEDI\u00c1TRICA CUERPO ENTERO<\/td>\n<\/tr>\n<tr style=\"border-bottom: 1px solid #000000;\">\n<td width=\"451\">CNUNN1\/CNUNN2\/CSUNN1\/CSUNN2<\/td>\n<td width=\"460\">MANTA NEONATAL BAJO PACIENTE<\/td>\n<\/tr>\n<tr style=\"border-bottom: 1px solid #000000;\">\n<td width=\"451\">CNOPT1\/CNOPT2\/CSOPT1\/CSOPT2<\/td>\n<td width=\"460\">MANTA DE TUBO PEDI\u00c1TRICA<\/td>\n<\/tr>\n<tr style=\"border-bottom: 1px solid #000000;\">\n<td width=\"451\">CNUPE1\/CNUPE2\/CSUPE1\/CSUPE2<\/td>\n<td width=\"460\">MANTA PEDI\u00c1TRICA BAJO PACIENTE<\/td>\n<\/tr>\n<tr style=\"border-bottom: 1px solid #000000;\">\n<td width=\"451\">CNOSA1\/CNOSA2\/CSOSA1\/CSOSA2<\/td>\n<td width=\"460\">MANTA DE ACCESO QUIR\u00daRGICO<\/td>\n<\/tr>\n<tr style=\"border-bottom: 1px solid #000000;\">\n<td width=\"451\">CNOCL1\/CNOCL2\/CSOCL1\/CSOCL2<\/td>\n<td width=\"460\">MANTA CATH LAB<\/td>\n<\/tr>\n<tr style=\"border-bottom: 1px solid #000000;\">\n<td width=\"451\">CNUAD1\/CNUAD2\/CSUAD1\/CSUAD2<\/td>\n<td width=\"460\">MANTA ADULTO BAJO PACIENTE<\/td>\n<\/tr>\n<tr style=\"border-bottom: 1px solid #000000;\">\n<td width=\"451\">CNULI1\/CNULI2\/CSULI1\/CSULI2<\/td>\n<td width=\"460\">MANTA DE LITOTOMIA BAJO PACIENTE<\/td>\n<\/tr>\n<tr style=\"border-bottom: 1px solid #000000;\">\n<td width=\"451\">CSOCA1\/CSOCA2<\/td>\n<td width=\"460\">MANTA EST\u00c9RIL DE ACCESO CARD\u00cdACO<\/td>\n<\/tr>\n<\/tbody>\n<\/table>\n<\/div> <\/div> <\/div><\/div><\/div><\/section>\n","protected":false},"excerpt":{"rendered":"","protected":false},"author":1,"featured_media":0,"parent":0,"menu_order":0,"comment_status":"closed","ping_status":"closed","template":"","meta":{"footnotes":""},"_links":{"self":[{"href":"https:\/\/celsius-medical.com\/celsius\/wp-json\/wp\/v2\/pages\/19"}],"collection":[{"href":"https:\/\/celsius-medical.com\/celsius\/wp-json\/wp\/v2\/pages"}],"about":[{"href":"https:\/\/celsius-medical.com\/celsius\/wp-json\/wp\/v2\/types\/page"}],"author":[{"embeddable":true,"href":"https:\/\/celsius-medical.com\/celsius\/wp-json\/wp\/v2\/users\/1"}],"replies":[{"embeddable":true,"href":"https:\/\/celsius-medical.com\/celsius\/wp-json\/wp\/v2\/comments?post=19"}],"version-history":[{"count":35,"href":"https:\/\/celsius-medical.com\/celsius\/wp-json\/wp\/v2\/pages\/19\/revisions"}],"predecessor-version":[{"id":705,"href":"https:\/\/celsius-medical.com\/celsius\/wp-json\/wp\/v2\/pages\/19\/revisions\/705"}],"wp:attachment":[{"href":"https:\/\/celsius-medical.com\/celsius\/wp-json\/wp\/v2\/media?parent=19"}],"curies":[{"name":"wp","href":"https:\/\/api.w.org\/{rel}","templated":true}]}}