{"id":21,"date":"2022-02-01T17:20:22","date_gmt":"2022-02-01T17:20:22","guid":{"rendered":"https:\/\/celsius-medical.com\/celsius\/?page_id=21"},"modified":"2023-11-16T09:51:24","modified_gmt":"2023-11-16T09:51:24","slug":"calentamiento-de-fluidos","status":"publish","type":"page","link":"https:\/\/celsius-medical.com\/celsius\/calentamiento-de-fluidos\/","title":{"rendered":"Calentamiento de fluidos"},"content":{"rendered":"<section class=\"l-section wpb_row height_medium\"><div class=\"l-section-h g-html i-cf\"><div class=\"g-cols offset_small\"><div class=\" full-width\">\n\t\t\t<!-- START Geyser REVOLUTION SLIDER 6.5.14 --><p class=\"rs-p-wp-fix\"><\/p>\n\t\t\t<rs-module-wrap id=\"rev_slider_2_1_wrapper\" data-source=\"gallery\" style=\"visibility:hidden;background:transparent;padding:0;margin:0px auto;margin-top:0;margin-bottom:0;\">\n\t\t\t\t<rs-module id=\"rev_slider_2_1\" style=\"\" data-version=\"6.5.14\">\n\t\t\t\t\t<rs-slides>\n\t\t\t\t\t\t<rs-slide style=\"position: absolute;\" data-key=\"rs-3\" data-title=\"Geyser\" data-in=\"o:0;\" data-out=\"a:false;\">\n\t\t\t\t\t\t\t<img loading=\"lazy\" decoding=\"async\" src=\"\/\/celsius-medical.com\/celsius\/wp-content\/plugins\/revslider\/public\/assets\/assets\/dummy.png\" alt=\"\" title=\"Geyser_1920x1200\" width=\"1920\" height=\"1280\" class=\"rev-slidebg tp-rs-img rs-lazyload\" data-lazyload=\"\/\/celsius-medical.com\/celsius\/wp-content\/uploads\/2022\/02\/Geyser_1920x1200.png\" data-no-retina>\n<!--\n\t\t\t\t\t\t\t--><rs-layer\n\t\t\t\t\t\t\t\tid=\"slider-2-slide-3-layer-0\" \n\t\t\t\t\t\t\t\tdata-type=\"text\"\n\t\t\t\t\t\t\t\tdata-color=\"#fff\"\n\t\t\t\t\t\t\t\tdata-rsp_ch=\"on\"\n\t\t\t\t\t\t\t\tdata-xy=\"x:r;xo:61px,50px,37px,22px;yo:95px,78px,59px,36px;\"\n\t\t\t\t\t\t\t\tdata-text=\"w:normal;s:30,24,18,11;l:45,37,28,17;ls:2,1,0,0;fw:300;a:center;\"\n\t\t\t\t\t\t\t\tdata-dim=\"minh:0px,none,none,none;\"\n\t\t\t\t\t\t\t\tdata-padding=\"t:10,8,6,4;r:10,8,6,4;b:10,8,6,4;l:10,8,6,4;\"\n\t\t\t\t\t\t\t\tdata-border=\"bos:solid;boc:#503389;bow:1px,1px,1px,1px;bor:35px,35px,35px,35px;\"\n\t\t\t\t\t\t\t\tdata-frame_999=\"o:0;st:w;\"\n\t\t\t\t\t\t\t\tstyle=\"z-index:5;background-color:rgba(80,51,137,0.5);font-family:'Raleway';\"\n\t\t\t\t\t\t\t>GEYSER\u2122\u2013 SISTEMA CONDUCTIVO DE CALENTAMIENTO DE FLUIDOS<br \/>\n \n\t\t\t\t\t\t\t<\/rs-layer><!--\n\n\t\t\t\t\t\t\t--><rs-layer\n\t\t\t\t\t\t\t\tid=\"slider-2-slide-3-layer-1\" \n\t\t\t\t\t\t\t\tdata-type=\"text\"\n\t\t\t\t\t\t\t\tdata-color=\"#fff\"\n\t\t\t\t\t\t\t\tdata-bsh=\"c:rgba(0,0,0,0.5);\"\n\t\t\t\t\t\t\t\tdata-tsh=\"c:rgba(0,0,0,0.75);h:5px,4px,3px,1px;b:10px,8px,6px,3px;\"\n\t\t\t\t\t\t\t\tdata-rsp_ch=\"on\"\n\t\t\t\t\t\t\t\tdata-xy=\"x:c;xo:140px,115px,87px,53px;yo:301px,248px,188px,115px;\"\n\t\t\t\t\t\t\t\tdata-text=\"w:normal;s:24,19,14,8;l:30,24,18,11;ls:1,0,0,0;fw:300;\"\n\t\t\t\t\t\t\t\tdata-dim=\"w:778px,642px,487px,300px;h:126px,104px,79px,48px;minh:0,none,none,none;\"\n\t\t\t\t\t\t\t\tdata-frame_999=\"o:0;st:w;\"\n\t\t\t\t\t\t\t\tstyle=\"z-index:6;font-family:'Open Sans';\"\n\t\t\t\t\t\t\t>El Sistema conductivo de calentamiento de fluidos endovasculares y de irrigaci\u00f3n GEYSER\u2122 est\u00e1 compuesto por la unidad calentadora GEYSER\u2122 \/ GEYSER\u2122+ y los sets est\u00e9riles desechables GEYSER\u2122 adecuados para cada uso.<br \/>\n \n\t\t\t\t\t\t\t<\/rs-layer><!--\n-->\t\t\t\t\t\t<\/rs-slide>\n\t\t\t\t\t<\/rs-slides>\n\t\t\t\t\t<rs-static-layers><!--\n\t\t\t\t\t--><\/rs-static-layers>\n\t\t\t\t<\/rs-module>\n\t\t\t\t<script>\n\t\t\t\t\tsetREVStartSize({c: 'rev_slider_2_1',rl:[1240,1024,778,480],el:[900,768,960,720],gw:[1240,1024,778,480],gh:[900,768,960,720],type:'standard',justify:'',layout:'fullwidth',mh:\"0\"});if (window.RS_MODULES!==undefined && window.RS_MODULES.modules!==undefined && window.RS_MODULES.modules[\"revslider21\"]!==undefined) {window.RS_MODULES.modules[\"revslider21\"].once = false;window.revapi2 = undefined;if (window.RS_MODULES.checkMinimal!==undefined) window.RS_MODULES.checkMinimal()}\n\t\t\t\t<\/script>\n\t\t\t<\/rs-module-wrap>\n\t\t\t<!-- END REVOLUTION SLIDER -->\n<\/div><\/div><\/div><\/section><section class=\"l-section wpb_row height_medium\"><div class=\"l-section-h g-html i-cf\"><div class=\"g-cols offset_small\"><div class=\" one-half\"><div class=\"w-image  align_center\"><img loading=\"lazy\" decoding=\"async\" width=\"200\" height=\"300\" src=\"https:\/\/celsius-medical.com\/celsius\/wp-content\/uploads\/2022\/02\/GEYSER-perfil-200x300.png\" class=\"attachment-medium size-medium\" alt=\"\" srcset=\"https:\/\/celsius-medical.com\/celsius\/wp-content\/uploads\/2022\/02\/GEYSER-perfil-200x300.png 200w, https:\/\/celsius-medical.com\/celsius\/wp-content\/uploads\/2022\/02\/GEYSER-perfil-683x1024.png 683w, https:\/\/celsius-medical.com\/celsius\/wp-content\/uploads\/2022\/02\/GEYSER-perfil-768x1152.png 768w, https:\/\/celsius-medical.com\/celsius\/wp-content\/uploads\/2022\/02\/GEYSER-perfil-1024x1536.png 1024w, https:\/\/celsius-medical.com\/celsius\/wp-content\/uploads\/2022\/02\/GEYSER-perfil-1366x2048.png 1366w, https:\/\/celsius-medical.com\/celsius\/wp-content\/uploads\/2022\/02\/GEYSER-perfil-600x900.png 600w\" sizes=\"(max-width: 200px) 100vw, 200px\" \/><\/div><div class=\"wpb_text_column \"><div class=\"wpb_wrapper\">\n<h5><span style=\"color: #ffffff;\"><strong>GEYSER<sup>TM<\/sup><\/strong> &#8211; Uso endovascular por gravedad<\/span><\/h5>\n<\/div> <\/div> <div class=\"w-image  align_center\"><img loading=\"lazy\" decoding=\"async\" width=\"300\" height=\"200\" src=\"https:\/\/celsius-medical.com\/celsius\/wp-content\/uploads\/2022\/02\/GEYSER-perfil-1-300x200.png\" class=\"attachment-medium size-medium\" alt=\"\" srcset=\"https:\/\/celsius-medical.com\/celsius\/wp-content\/uploads\/2022\/02\/GEYSER-perfil-1-300x200.png 300w, https:\/\/celsius-medical.com\/celsius\/wp-content\/uploads\/2022\/02\/GEYSER-perfil-1-1024x683.png 1024w, https:\/\/celsius-medical.com\/celsius\/wp-content\/uploads\/2022\/02\/GEYSER-perfil-1-768x512.png 768w, https:\/\/celsius-medical.com\/celsius\/wp-content\/uploads\/2022\/02\/GEYSER-perfil-1-1536x1024.png 1536w, https:\/\/celsius-medical.com\/celsius\/wp-content\/uploads\/2022\/02\/GEYSER-perfil-1-2048x1365.png 2048w, https:\/\/celsius-medical.com\/celsius\/wp-content\/uploads\/2022\/02\/GEYSER-perfil-1-600x400.png 600w\" sizes=\"(max-width: 300px) 100vw, 300px\" \/><\/div><div class=\"wpb_text_column \"><div class=\"wpb_wrapper\">\n<h5><span style=\"color: #ffffff;\"><strong>GEYSER<sup>TM<\/sup>+<\/strong> &#8211; Uso para irrigaci\u00f3n por gravedad<\/span><\/h5>\n<\/div> <\/div> <\/div><div class=\" one-half\"><div class=\"wpb_text_column \"><div class=\"wpb_wrapper\">\n<h5><b>La Unidad Calentadora GEYSER<\/b>\u2122<b> \/ GEYSER<\/b>\u2122<b>+<\/b><\/h5>\n<p><b>GEYSER<\/b>\u2122<b> &#8211; <\/b>Uso endovascular por gravedad.<\/p>\n<p><b>GEYSER<\/b>\u2122<b>+ &#8211; <\/b>Uso para irrigaci\u00f3n por gravedad.<\/p>\n<p><b>Potente, vers\u00e1til y silenciosa<\/b>&nbsp;<b>\u2013 <\/b>&nbsp;El rango de trabajo desde 36\u00ba hasta 42\u00ba en intervalos de 0,5\u00ba posibilita cubrir todas las necesidades de rendimiento, entregando la potencia requerida en cada momento sin aporte sonoro alguno.<\/p>\n<p><b>Compacta y robusta<\/b><b> \u2013<\/b> Debido a su dise\u00f1o compacto con asa de transporte, adecuado tama\u00f1o y peso, es f\u00e1cil de mover y colocar de forma segura y estable en cualquier palo de gotero, ra\u00edl o soporte estandarizado.<\/p>\n<p><b>F\u00e1cil de usar<\/b><b> \u2013<\/b> Un Display luminoso, sencillo e intuitivo, situado en el frontal, permite un uso f\u00e1cil y r\u00e1pido del dispositivo. Adem\u00e1s, un m\u00ednimo mantenimiento rutinario y el uso adecuado garantizan la eficiencia y durabilidad del dispositivo.<\/p>\n<p><b>Rapidez <\/b><b>\u2013<\/b> Alcanza la temperatura de destino deseada de forma pr\u00e1cticamente inmediata y reacciona r\u00e1pidamente ante los cambios de flujo.<\/p>\n<p><b>Segura<\/b><b> \u2013<\/b> El sistema de calentamiento seco evita riesgos potenciales asociados al calentamiento h\u00famedo.&nbsp; Dispone de mecanismos de seguridad para garantizar el control de la temperatura deseada, garantizando en todo momento la seguridad del paciente acorde con los est\u00e1ndares de seguridad y normativas actuales.<\/p>\n<p><b>Rendimiento<\/b> <b>\u2013<\/b> Las multiples opciones de configuraci\u00f3n garantizan la m\u00e1xima eficacia en funci\u00f3n de cada necesidad.<\/p>\n<p><b>Uso<\/b> <b>Exclusivo<\/b> <b>\u2013<\/b> Las unidades calentadoras GEYSER\u2122 son de uso exclusivo con sets GEYSER\u2122.<\/p>\n<p style=\"padding-left: 40px;\">\n<\/div> <\/div> <\/div><\/div><\/div><\/section><section class=\"l-section wpb_row height_medium\"><div class=\"l-section-h g-html i-cf\"><div class=\"g-cols offset_small\"><div class=\" full-width\"><div class=\"w-separator type_fullwidth size_medium thick_2 style_solid color_primary cont_none\"><span class=\"w-separator-h\"><\/span><\/div><\/div><\/div><\/div><\/section><section class=\"l-section wpb_row height_medium\"><div class=\"l-section-h g-html i-cf\"><div class=\"g-cols offset_small\"><div class=\" one-half\"><div class=\"wpb_text_column \"><div class=\"wpb_wrapper\">\n<h5><b>Los sets GEYSER<\/b>\u2122<b> \/ GEYSER<\/b>\u2122<b>+<\/b><\/h5>\n<p><b>Intercambiador<\/b><b> de <\/b><b>calor<\/b><b> GEYSER<\/b>\u2122 <b>\u2013<\/b> Dise\u00f1o patentado, de alto rendimiento y de uso exclusivo con las unidades calentadoras GEYSER\u2122, garantiza una transmisi\u00f3n de calor r\u00e1pida y homog\u00e9nea.<\/p>\n<p><b>Sets de alto <\/b><b>rendimiento<\/b> <b>\u2013<\/b> El intercambiador de calor, unido a las configuraciones de los diversos sets, consiguen la m\u00e1xima eficacia para cada uso recomendado.<\/p>\n<p><b>Gama <\/b><b>completa<\/b> <b>\u2013<\/b> Los diferentes tipos de sets permiten al usuario cubrir todas sus necesidades en cualquier procedimiento quir\u00fargico.<\/p>\n<p><b>Material <\/b><b>\u2013<\/b> Los sets GEYSER\u2122 est\u00e1n fabricados con material biocompatible de grado m\u00e9dico, cumpliendo la normativa vigente al respecto.<\/p>\n<p>Ausente de latex y libres de phtalatos.<\/p>\n<p><b>Seguridad<\/b> <b>\u2013<\/b> Los sistemas de conexi\u00f3n est\u00e1ndares garantizan un uso seguro del dispositivo evitando desconexiones o movimientos no deseados as\u00ed como permiten la compatibilidad con dispositivos accesorios est\u00e1ndar en caso de necesidad.<\/p>\n<p><b>Esterilidad <\/b><b>\u2013<\/b> Todos los sets son esterilizados por oxido de etileno.<\/p>\n<p><b>Uso exclusivo <\/b><b>\u2013<\/b> Los sets GEYSER\u2122 son de uso exclusivo con unidades calentadoras GEYSER\u2122.<\/p>\n<\/div> <\/div> <\/div><div class=\" one-half\"><div class=\"wpb_text_column \"><div class=\"wpb_wrapper\">\n<table width=\"100%\">\n<tbody>\n<tr bgcolor=\"#503389\">\n<td width=\"30%\">\n<h6><span style=\"color: #ffffff;\"><b>REFERENCIA<\/b><\/span><\/h6>\n<\/td>\n<td width=\"70%\">\n<h6><span style=\"color: #ffffff;\"><b>DESCRIPCI\u00d3N<\/b><\/span><\/h6>\n<\/td>\n<\/tr>\n<tr style=\"border-bottom: 1px solid #000000;\">\n<td width=\"237\">\n<h6>CGEYSER1<\/h6>\n<\/td>\n<td width=\"709\">\n<h6>UNIDAD CALENTADORA GEYSER 220-240 V<\/h6>\n<\/td>\n<\/tr>\n<tr style=\"border-bottom: 1px solid #000000;\">\n<td width=\"237\">\n<h6>CGEYSER1<\/h6>\n<\/td>\n<td width=\"709\">\n<h6>UNIDAD CALENTADORA GEYSER 100-120 V<\/h6>\n<\/td>\n<\/tr>\n<tr style=\"border-bottom: 1px solid #000000;\">\n<td width=\"237\">\n<h6>CGEYSER+1<\/h6>\n<\/td>\n<td width=\"709\">\n<h6>UNIDAD CALENTADORA GEYSER + 220-240 V<\/h6>\n<\/td>\n<\/tr>\n<tr style=\"border-bottom: 1px solid #000000;\">\n<td width=\"237\">\n<h6>CGEYSER+2<\/h6>\n<\/td>\n<td width=\"709\">\n<h6>UNIDAD CALENTADORA GEYSER + 100-120 V<\/h6>\n<\/td>\n<\/tr>\n<tr style=\"border-bottom: 1px solid #000000;\">\n<td width=\"237\">\n<h6>CGE15M1<\/h6>\n<\/td>\n<td width=\"709\">\n<h6>SET ENDOVASCULAR ESTANDAR<\/h6>\n<\/td>\n<\/tr>\n<tr style=\"border-bottom: 1px solid #000000;\">\n<td width=\"237\">\n<h6>CGE15MNL1<\/h6>\n<\/td>\n<td width=\"709\">\n<h6>SET ENDOVASCULAR CON PUNTO DE INYECCI\u00d3N<\/h6>\n<\/td>\n<\/tr>\n<tr style=\"border-bottom: 1px solid #000000;\">\n<td width=\"237\">\n<h6>CGT2W1<\/h6>\n<\/td>\n<td width=\"709\">\n<h6>SET DE TRANSFUSI\u00d3N ENDOVASCULAR<\/h6>\n<\/td>\n<\/tr>\n<tr style=\"border-bottom: 1px solid #000000;\">\n<td width=\"237\">\n<h6>CGI2W1<\/h6>\n<\/td>\n<td width=\"709\">\n<h6>SET DE IRRIGACI\u00d3N DE DOS V\u00cdAS<\/h6>\n<\/td>\n<\/tr>\n<tr style=\"border-bottom: 1px solid #000000;\">\n<td width=\"237\">\n<h6>CGI4W1<\/h6>\n<\/td>\n<td width=\"709\">\n<h6>SET DE IRRIGACI\u00d3N DE CUATRO V\u00cdAS<\/h6>\n<\/td>\n<\/tr>\n<tr style=\"border-bottom: 1px solid #000000;\">\n<td width=\"237\">\n<h6>CGIPL1<\/h6>\n<\/td>\n<td width=\"709\">\n<h6>SET DE RECAMBIO DE LINEA DE PACIENTE DE IRRIGACI\u00d3N<\/h6>\n<\/td>\n<\/tr>\n<tr style=\"border-bottom: 1px solid #000000;\">\n<td width=\"237\"><\/td>\n<td width=\"709\"><\/td>\n<\/tr>\n<\/tbody>\n<\/table>\n<\/div> <\/div> <\/div><\/div><\/div><\/section>\n","protected":false},"excerpt":{"rendered":"","protected":false},"author":1,"featured_media":0,"parent":0,"menu_order":0,"comment_status":"closed","ping_status":"closed","template":"","meta":{"footnotes":""},"_links":{"self":[{"href":"https:\/\/celsius-medical.com\/celsius\/wp-json\/wp\/v2\/pages\/21"}],"collection":[{"href":"https:\/\/celsius-medical.com\/celsius\/wp-json\/wp\/v2\/pages"}],"about":[{"href":"https:\/\/celsius-medical.com\/celsius\/wp-json\/wp\/v2\/types\/page"}],"author":[{"embeddable":true,"href":"https:\/\/celsius-medical.com\/celsius\/wp-json\/wp\/v2\/users\/1"}],"replies":[{"embeddable":true,"href":"https:\/\/celsius-medical.com\/celsius\/wp-json\/wp\/v2\/comments?post=21"}],"version-history":[{"count":42,"href":"https:\/\/celsius-medical.com\/celsius\/wp-json\/wp\/v2\/pages\/21\/revisions"}],"predecessor-version":[{"id":576,"href":"https:\/\/celsius-medical.com\/celsius\/wp-json\/wp\/v2\/pages\/21\/revisions\/576"}],"wp:attachment":[{"href":"https:\/\/celsius-medical.com\/celsius\/wp-json\/wp\/v2\/media?parent=21"}],"curies":[{"name":"wp","href":"https:\/\/api.w.org\/{rel}","templated":true}]}}