{"id":75,"date":"2022-02-03T07:02:09","date_gmt":"2022-02-03T07:02:09","guid":{"rendered":"https:\/\/celsius-medical.com\/celsius\/?page_id=75"},"modified":"2022-02-03T07:08:46","modified_gmt":"2022-02-03T07:08:46","slug":"politica-de-cookies","status":"publish","type":"page","link":"https:\/\/celsius-medical.com\/celsius\/politica-de-cookies\/","title":{"rendered":"Politica de cookies"},"content":{"rendered":"<section class=\"l-section wpb_row height_medium\"><div class=\"l-section-h g-html i-cf\"><div class=\"g-cols offset_small\"><div class=\" full-width\"><div class=\"wpb_text_column \"><div class=\"wpb_wrapper\">\n<h2 style=\"text-align: center;\">POL\u00cdTICA DE COOKIES<\/h2>\n<div><\/div>\n<div><\/div>\n<div>\n<strong>INFORMACI\u00d3N SOBRE COOKIES<\/strong><\/div>\n<div>Conforme con la Ley 34\/2002, de 11 de julio, de servicios de la sociedad de la informaci\u00f3n y de comercio electr\u00f3nico (LSSI), en relaci\u00f3n con el Reglamento (UE) 2016\/679 del Parlamento Europeo y del Consejo, de 27 de abril de 2016, General de Protecci\u00f3n de Datos (GDPR) y la Ley Org\u00e1nica 3\/2018, de 5 de diciembre, de Protecci\u00f3n de Datos y Garant\u00eda de los Derechos Digitales (LOPDGDD), es obligado obtener el consentimiento expreso del usuario de todas las p\u00e1ginas web que usan cookies prescindibles, antes de que este navegue por ellas.<\/div>\n<div><\/div>\n<div><\/div>\n<div>\n<strong>\u00bfQU\u00c9 SON LAS COOKIES?<\/strong><\/div>\n<div>Las&nbsp;<em>cookies&nbsp;<\/em>y otras tecnolog\u00edas similares tales como local shared objects, flash&nbsp;<em>cookies&nbsp;<\/em>o p\u00edxeles, son herramientas empleadas por los servidores Web para almacenar y recuperar informaci\u00f3n acerca de sus visitantes, as\u00ed como para ofrecer un correcto funcionamiento del sitio.<\/div>\n<div>\nMediante el uso de estos dispositivos se permite al servidor Web recordar algunos datos concernientes al usuario, como sus preferencias para la visualizaci\u00f3n de las p\u00e1ginas de ese servidor, nombre y contrase\u00f1a, productos que m\u00e1s le interesan, etc.<\/div>\n<div><\/div>\n<div><\/div>\n<div>\n<em><strong>COOKIES&nbsp;<\/strong><\/em><strong>AFECTADAS POR LA NORMATIVA Y COOKIES EXCEPTUADAS<\/strong><\/div>\n<div><\/div>\n<div><\/div>\n<div>Seg\u00fan la directiva de la UE, las&nbsp;<em>cookies&nbsp;<\/em>que requieren el consentimiento informado por parte del usuario son las&nbsp;<em>cookies&nbsp;<\/em>de anal\u00edtica y las de publicidad y afiliaci\u00f3n, quedando exceptuadas las de car\u00e1cter t\u00e9cnico y las necesarias para el funcionamiento del sitio web o la prestaci\u00f3n de servicios expresamente solicitados por el usuario.<\/div>\n<div><\/div>\n<div><\/div>\n<div>\n<strong>TIPOS DE COOKIES<\/strong><\/div>\n<div>\n<p><strong>SEG\u00daN LA FINALIDAD<\/strong><\/p>\n<ul>\n<li><strong><em>Cookies&nbsp;<\/em><\/strong><strong>t\u00e9cnicas y funcionales<\/strong>: son aquellas que permiten al usuario la navegaci\u00f3n a trav\u00e9s de una p\u00e1gina web, plataforma o aplicaci\u00f3n y la utilizaci\u00f3n de las diferentes opciones o servicios que en ella existan<em>.<\/em><\/li>\n<li><strong><em>Cookies&nbsp;<\/em><\/strong><strong>anal\u00edticas<\/strong>: son aquellas que permiten al responsable de las mismas el seguimiento y an\u00e1lisis del comportamiento de los usuarios de los sitios web a los que est\u00e1n vinculadas. La informaci\u00f3n recogida mediante este tipo de&nbsp;<em>cookies<\/em>&nbsp;se utiliza en la medici\u00f3n de la actividad de los sitios web, aplicaci\u00f3n o plataforma y para la elaboraci\u00f3n de perfiles de navegaci\u00f3n de los usuarios de dichos sitios, aplicaciones y plataformas, con el fin de introducir mejoras en funci\u00f3n del an\u00e1lisis de los datos de uso que hacen los usuarios del servicio.<\/li>\n<li><strong><em>Cookies<\/em><\/strong>&nbsp;<strong>publicitarias:<\/strong>&nbsp;son aquellas que permiten la gesti\u00f3n, de la forma m\u00e1s eficaz posible, de los espacios publicitarios que, en su caso, el editor haya incluido en una p\u00e1gina web, aplicaci\u00f3n o plataforma desde la que presta el servicio solicitado en base a criterios como el contenido editado o la frecuencia en la que se muestran los anuncios.<\/li>\n<li><strong><em>Cookies&nbsp;<\/em><\/strong><strong>de publicidad comportamental<\/strong>: recogen informaci\u00f3n sobre las preferencias y elecciones personales del usuario (<em>retargeting<\/em>) para permitir la gesti\u00f3n, de la forma m\u00e1s eficaz posible, de los espacios publicitarios que, en su caso, el editor haya incluido en una p\u00e1gina web, aplicaci\u00f3n o plataforma desde la que presta el servicio solicitado.<\/li>\n<li><strong><em>Cookies&nbsp;<\/em><\/strong><strong>sociales<\/strong>: son establecidas por las plataformas de redes sociales en los servicios para permitirle compartir contenido con sus amigos y redes. Las plataformas de medios sociales tienen la capacidad de rastrear su actividad en l\u00ednea fuera de los Servicios. Esto puede afectar al contenido y los mensajes que ve en otros servicios que visita.<\/li>\n<li><strong><em>Cookies&nbsp;<\/em>de afiliados<\/strong>: permiten hacer un seguimiento de las visitas procedentes de otras webs, con las que el sitio web establece un contrato de afiliaci\u00f3n (empresas de afiliaci\u00f3n).<\/li>\n<li><strong><em>Cookies&nbsp;<\/em><\/strong><strong>de seguridad<\/strong>: almacenan informaci\u00f3n cifrada para evitar que los datos guardados en ellas sean vulnerables a ataques maliciosos de terceros.<\/li>\n<\/ul>\n<p><strong>SEG\u00daN LA PROPIEDAD<\/strong><\/p>\n<ul>\n<li><strong><em>Cookies<\/em><\/strong><strong>&nbsp;propias<\/strong>: son aquellas que se env\u00edan al equipo terminal del usuario desde un equipo o dominio gestionado por el propio editor y desde el que se presta el servicio solicitado por el usuario.<\/li>\n<li><strong><em>Cookies<\/em><\/strong>&nbsp;<strong>de terceros:<\/strong>&nbsp;son aquellas que se env\u00edan al equipo terminal del usuario desde un equipo o dominio que no es gestionado por el editor, sino por otra entidad que trata los datos obtenidos trav\u00e9s de las cookies.<\/li>\n<\/ul>\n<p><strong>SEG\u00daN EL PLAZO DE CONSERVACI\u00d3N<\/strong><\/p>\n<ul>\n<li><strong><em>Cookies<\/em><\/strong><strong>&nbsp;de sesi\u00f3n:<\/strong>&nbsp;son un tipo de&nbsp;<em>cookies<\/em>&nbsp;dise\u00f1adas para recabar y almacenar datos mientras el usuario accede a una p\u00e1gina web.<\/li>\n<li><strong><em>Cookies<\/em><\/strong><strong>&nbsp;persistentes:<\/strong>&nbsp;son un tipo de cookies en el que los datos siguen almacenados en el terminal y pueden ser accedidos y tratados durante un per\u00edodo definido por el responsable de la&nbsp;<em>cookie<\/em>, y que puede ir de unos minutos a varios a\u00f1os.<\/li>\n<\/ul>\n<\/div>\n<div>\n<strong>TRATAMIENTO DE DATOS PERSONALES<\/strong><\/div>\n<div><\/div>\n<div><\/div>\n<div>\n<p>CELSIUS MEDICAL, S.L es el&nbsp;<strong>Responsable del tratamiento<\/strong>&nbsp;de los datos personales del&nbsp;<strong>Interesado&nbsp;<\/strong>y le informa de que estos datos ser\u00e1n tratados de conformidad con lo dispuesto en el Reglamento (UE) 2016\/679, de 27 de abril de 2016 (GDPR), por lo que se le facilita la siguiente informaci\u00f3n del tratamiento:<\/p>\n<p><strong>Fines del tratamiento:&nbsp;<\/strong>seg\u00fan se especifica en el apartado de&nbsp;<em>cookies&nbsp;<\/em>que se utilizan en este sitio web.<\/p>\n<p><strong>Legitimaci\u00f3n del tratamiento<\/strong>: por consentimiento del interesado (art. 6.1 GDPR).<strong>Criterios de conservaci\u00f3n de los datos<\/strong>: seg\u00fan se especifica en el apartado de&nbsp;<em>cookies&nbsp;<\/em>utilizadas en la web.<\/p>\n<p><strong>Comunicaci\u00f3n de los datos<\/strong>: no se comunicar\u00e1n los datos a terceros, excepto en cookies propiedad de terceros o por obligaci\u00f3n legal.<\/p>\n<p><strong>Derechos que asisten al Interesado<\/strong>:<\/p>\n<p>&#8211; Derecho a retirar el consentimiento en cualquier momento.<br \/>\n&#8211; Derecho de acceso, rectificaci\u00f3n, portabilidad y supresi\u00f3n de sus datos, y de limitaci\u00f3n u oposici\u00f3n a su tratamiento.<br \/>\n&#8211; Derecho a presentar una reclamaci\u00f3n ante la Autoridad de control (www.aepd.es) si considera que el tratamiento no se ajusta a la normativa vigente.<\/p>\n<p><strong>Datos de contacto para ejercer sus derechos:<\/strong><\/p>\n<p>CELSIUS MEDICAL, S.L.<strong>&nbsp;<\/strong>Carretera Ajalvir Torrej\u00f3n Km 5.200, s\/n &#8211; 28864 Ajalvir (Madrid). E-mail: lopd@evomed.es<\/p>\n<\/div>\n<\/div> <\/div> <\/div><\/div><\/div><\/section>\n","protected":false},"excerpt":{"rendered":"","protected":false},"author":1,"featured_media":0,"parent":0,"menu_order":0,"comment_status":"closed","ping_status":"closed","template":"","meta":{"footnotes":""},"_links":{"self":[{"href":"https:\/\/celsius-medical.com\/celsius\/wp-json\/wp\/v2\/pages\/75"}],"collection":[{"href":"https:\/\/celsius-medical.com\/celsius\/wp-json\/wp\/v2\/pages"}],"about":[{"href":"https:\/\/celsius-medical.com\/celsius\/wp-json\/wp\/v2\/types\/page"}],"author":[{"embeddable":true,"href":"https:\/\/celsius-medical.com\/celsius\/wp-json\/wp\/v2\/users\/1"}],"replies":[{"embeddable":true,"href":"https:\/\/celsius-medical.com\/celsius\/wp-json\/wp\/v2\/comments?post=75"}],"version-history":[{"count":3,"href":"https:\/\/celsius-medical.com\/celsius\/wp-json\/wp\/v2\/pages\/75\/revisions"}],"predecessor-version":[{"id":79,"href":"https:\/\/celsius-medical.com\/celsius\/wp-json\/wp\/v2\/pages\/75\/revisions\/79"}],"wp:attachment":[{"href":"https:\/\/celsius-medical.com\/celsius\/wp-json\/wp\/v2\/media?parent=75"}],"curies":[{"name":"wp","href":"https:\/\/api.w.org\/{rel}","templated":true}]}}