{"id":9,"date":"2022-02-01T13:31:47","date_gmt":"2022-02-01T13:31:47","guid":{"rendered":"https:\/\/celsius-medical.com\/celsius\/?page_id=9"},"modified":"2023-11-16T10:05:50","modified_gmt":"2023-11-16T10:05:50","slug":"inicio","status":"publish","type":"page","link":"https:\/\/celsius-medical.com\/celsius\/","title":{"rendered":"Inicio"},"content":{"rendered":"<section class=\"l-section wpb_row height_medium\"><div class=\"l-section-h g-html i-cf\"><div class=\"g-cols offset_small\"><div class=\" full-width\">\n\t\t\t<!-- START Inicio_geyser_calima REVOLUTION SLIDER 6.5.14 --><p class=\"rs-p-wp-fix\"><\/p>\n\t\t\t<rs-module-wrap id=\"rev_slider_4_1_wrapper\" data-source=\"gallery\" style=\"visibility:hidden;background:transparent;padding:0;\">\n\t\t\t\t<rs-module id=\"rev_slider_4_1\" style=\"\" data-version=\"6.5.14\">\n\t\t\t\t\t<rs-slides>\n\t\t\t\t\t\t<rs-slide style=\"position: absolute;\" data-key=\"rs-7\" data-title=\"Calima\" data-thumb=\"\/\/celsius-medical.com\/celsius\/wp-content\/uploads\/2022\/02\/Calima_1920x1200-50x100.png\" data-anim=\"ms:1000ms;\" data-in=\"o:0;\" data-out=\"a:false;\">\n\t\t\t\t\t\t\t<img loading=\"lazy\" decoding=\"async\" src=\"\/\/celsius-medical.com\/celsius\/wp-content\/plugins\/revslider\/public\/assets\/assets\/dummy.png\" alt=\"\" title=\"Calima_1920x1200\" width=\"1920\" height=\"1200\" class=\"rev-slidebg tp-rs-img rs-lazyload\" data-lazyload=\"\/\/celsius-medical.com\/celsius\/wp-content\/uploads\/2022\/02\/Calima_1920x1200.png\" data-no-retina>\n<!--\n\t\t\t\t\t\t\t--><rs-layer\n\t\t\t\t\t\t\t\tid=\"slider-4-slide-7-layer-1\" \n\t\t\t\t\t\t\t\tdata-type=\"text\"\n\t\t\t\t\t\t\t\tdata-color=\"#503389\"\n\t\t\t\t\t\t\t\tdata-rsp_ch=\"on\"\n\t\t\t\t\t\t\t\tdata-xy=\"x:c;xo:31px,25px,18px,11px;yo:250px,206px,156px,96px;\"\n\t\t\t\t\t\t\t\tdata-text=\"w:normal;s:30,24,18,11;l:30,24,18,11;ls:3px,2px,1px,0px;fw:300;a:center;\"\n\t\t\t\t\t\t\t\tdata-dim=\"w:628px,518px,393px,242px;h:218px,180px,136px,83px;\"\n\t\t\t\t\t\t\t\tdata-frame_0=\"y:bottom;\"\n\t\t\t\t\t\t\t\tdata-frame_1=\"st:420;sp:1000;\"\n\t\t\t\t\t\t\t\tdata-frame_999=\"o:0;st:w;sR:3580;\"\n\t\t\t\t\t\t\t\tstyle=\"z-index:6;font-family:'Lato';\"\n\t\t\t\t\t\t\t>El Sistema convectivo de calentamiento por aire forzado CALIMA, est\u00e1 compuesto por la unidad calentadora CALIMA y la manta desechable CALIMA en cualquiera de sus modelos disponibles tanto est\u00e9riles como no est\u00e9riles.<br \/>\n \n\t\t\t\t\t\t\t<\/rs-layer><!--\n\n\t\t\t\t\t\t\t--><a\n\t\t\t\t\t\t\t\tid=\"slider-4-slide-7-layer-3\" \n\t\t\t\t\t\t\t\tclass=\"rs-layer rev-btn\"\n\t\t\t\t\t\t\t\thref=\"https:\/\/celsius-medical.com\/celsius\/calentamiento-de-aire\/\" target=\"_self\"\n\t\t\t\t\t\t\t\tdata-type=\"button\"\n\t\t\t\t\t\t\t\tdata-rsp_ch=\"on\"\n\t\t\t\t\t\t\t\tdata-xy=\"x:c;yo:50px,41px,31px,19px;\"\n\t\t\t\t\t\t\t\tdata-text=\"w:normal;s:55,45,34,20;l:100,82,62,38;fw:500;a:center;\"\n\t\t\t\t\t\t\t\tdata-dim=\"minh:0,none,none,none;\"\n\t\t\t\t\t\t\t\tdata-padding=\"r:69,57,43,27;l:69,57,43,27;\"\n\t\t\t\t\t\t\t\tdata-border=\"bos:solid;boc:rgba(255, 255, 255, 0.35);bow:1px,1px,1px,1px;bor:35px,35px,35px,35px;\"\n\t\t\t\t\t\t\t\tdata-frame_0=\"y:bottom;\"\n\t\t\t\t\t\t\t\tdata-frame_1=\"st:230;sp:1000;\"\n\t\t\t\t\t\t\t\tdata-frame_999=\"o:0;st:w;sR:3770;\"\n\t\t\t\t\t\t\t\tdata-frame_hover=\"bgc:rgba(0,0,0,0);boc:rgba(255,255,255,0.75);bor:35px,35px,35px,35px;bos:solid;bow:1px,1px,1px,1px;e:power1.inOut;\"\n\t\t\t\t\t\t\t\tstyle=\"z-index:7;background-color:rgba(80,51,137,0.5);font-family:'Roboto';\"\n\t\t\t\t\t\t\t>CALIMA \u2122 \n\t\t\t\t\t\t\t<\/a><!--\n-->\t\t\t\t\t\t<\/rs-slide>\n\t\t\t\t\t\t<rs-slide style=\"position: absolute;\" data-key=\"rs-9\" data-title=\"Geyser\" data-thumb=\"\/\/celsius-medical.com\/celsius\/wp-content\/uploads\/2022\/02\/Geyser_1920x1200-50x100.png\" data-in=\"o:0;\" data-out=\"a:false;\">\n\t\t\t\t\t\t\t<img loading=\"lazy\" decoding=\"async\" src=\"\/\/celsius-medical.com\/celsius\/wp-content\/plugins\/revslider\/public\/assets\/assets\/dummy.png\" alt=\"\" title=\"Geyser_1920x1200\" width=\"1920\" height=\"1280\" class=\"rev-slidebg tp-rs-img rs-lazyload\" data-lazyload=\"\/\/celsius-medical.com\/celsius\/wp-content\/uploads\/2022\/02\/Geyser_1920x1200.png\" data-no-retina>\n<!--\n\t\t\t\t\t\t\t--><rs-layer\n\t\t\t\t\t\t\t\tid=\"slider-4-slide-9-layer-2\" \n\t\t\t\t\t\t\t\tdata-type=\"text\"\n\t\t\t\t\t\t\t\tdata-rsp_ch=\"on\"\n\t\t\t\t\t\t\t\tdata-xy=\"x:c;yo:250px,206px,156px,96px;\"\n\t\t\t\t\t\t\t\tdata-text=\"w:normal;s:30,24,18,11;l:30,24,18,11;ls:3px,2px,1px,0px;fw:300;a:center;\"\n\t\t\t\t\t\t\t\tdata-dim=\"w:628px,518px,393px,242px;h:224px,184px,139px,85px;\"\n\t\t\t\t\t\t\t\tdata-frame_0=\"y:bottom;\"\n\t\t\t\t\t\t\t\tdata-frame_1=\"st:420;sp:1000;\"\n\t\t\t\t\t\t\t\tdata-frame_999=\"o:0;st:w;\"\n\t\t\t\t\t\t\t\tstyle=\"z-index:6;font-family:'Lato';\"\n\t\t\t\t\t\t\t>El Sistema conductivo de calentamiento de fluidos endovasculares o de irrigaci\u00f3n GEYSER , est\u00e1 compuesto por la unidad calentadora GEYSER\/GEYSER+ y los sets est\u00e9riles desechables GEYSER en cualquiera de sus modelos disponibles.<br \/>\n \n\t\t\t\t\t\t\t<\/rs-layer><!--\n\n\t\t\t\t\t\t\t--><a\n\t\t\t\t\t\t\t\tid=\"slider-4-slide-9-layer-4\" \n\t\t\t\t\t\t\t\tclass=\"rs-layer rev-btn\"\n\t\t\t\t\t\t\t\thref=\"https:\/\/celsius-medical.com\/celsius\/calentamiento-de-fluidos\/\" target=\"_self\"\n\t\t\t\t\t\t\t\tdata-type=\"button\"\n\t\t\t\t\t\t\t\tdata-rsp_ch=\"on\"\n\t\t\t\t\t\t\t\tdata-xy=\"x:c;yo:50px,41px,31px,19px;\"\n\t\t\t\t\t\t\t\tdata-text=\"w:normal;s:55,45,34,20;l:100,82,62,38;fw:500;a:center;\"\n\t\t\t\t\t\t\t\tdata-dim=\"minh:0px,none,none,none;\"\n\t\t\t\t\t\t\t\tdata-padding=\"r:25,21,16,10;l:25,21,16,10;\"\n\t\t\t\t\t\t\t\tdata-border=\"bos:solid;boc:rgba(255,255,255,0.35);bow:1px,1px,1px,1px;bor:35px,35px,35px,35px;\"\n\t\t\t\t\t\t\t\tdata-frame_0=\"y:bottom;\"\n\t\t\t\t\t\t\t\tdata-frame_1=\"st:230;sp:1000;\"\n\t\t\t\t\t\t\t\tdata-frame_999=\"o:0;st:w;\"\n\t\t\t\t\t\t\t\tdata-frame_hover=\"bgc:rgba(0,0,0,0);boc:rgba(255,255,255,0.75);bor:35px,35px,35px,35px;bos:solid;bow:1px,1px,1px,1px;e:power1.inOut;\"\n\t\t\t\t\t\t\t\tstyle=\"z-index:7;background-color:rgba(80,51,137,0.5);font-family:'Roboto';\"\n\t\t\t\t\t\t\t>GEYSER\u2122 \n\t\t\t\t\t\t\t<\/a><!--\n-->\t\t\t\t\t\t<\/rs-slide>\n\t\t\t\t\t<\/rs-slides>\n\t\t\t\t<\/rs-module>\n\t\t\t\t<script>\n\t\t\t\t\tsetREVStartSize({c: 'rev_slider_4_1',rl:[1240,1024,778,480],el:[900,768,960,720],gw:[1240,1024,778,480],gh:[900,768,960,720],type:'standard',justify:'',layout:'fullscreen',offsetContainer:'',offset:'',mh:\"0\"});if (window.RS_MODULES!==undefined && window.RS_MODULES.modules!==undefined && window.RS_MODULES.modules[\"revslider41\"]!==undefined) {window.RS_MODULES.modules[\"revslider41\"].once = false;window.revapi4 = undefined;if (window.RS_MODULES.checkMinimal!==undefined) window.RS_MODULES.checkMinimal()}\n\t\t\t\t<\/script>\n\t\t\t<\/rs-module-wrap>\n\t\t\t<!-- END REVOLUTION SLIDER -->\n<\/div><\/div><\/div><\/section><section class=\"l-section wpb_row height_medium\"><div class=\"l-section-h g-html i-cf\"><div class=\"g-cols offset_small\"><div class=\" full-width\"><div class=\"g-cols wpb_row offset_small vc_inner\"><div class=\" one-third\"><div class=\"wpb_text_column \"><div class=\"wpb_wrapper\">\n<h5 class=\"hasicon\"><img decoding=\"async\" src=\"https:\/\/www.celsius-medical.com\/wp-content\/themes\/celsius\/images\/index\/icons\/1.png\" alt=\"\" height=\"20\" \/>\u00a0 CALENTADOR DE AIRE CALIMA\u2122<\/h5>\n<p class=\"last\">Sistema de calentamiento por aire convectivo potente, vers\u00e1til y compacto. Con un rango completo de coberturas para la mayor\u00eda de los procedimientos.<\/p>\n<\/div> <\/div> <\/div><div class=\" one-third\"><div class=\"wpb_text_column \"><div class=\"wpb_wrapper\">\n<h5 class=\"hasicon\"><img decoding=\"async\" src=\"https:\/\/www.celsius-medical.com\/wp-content\/themes\/celsius\/images\/index\/icons\/2.png\" alt=\"\" height=\"20\" \/>\u00a0 CALENTADOR DE FLUIDOS GEYSER\u2122<\/h5>\n<p class=\"last\">Cubre todos los rangos de flujo desde la pediatr\u00eda hasta flujo de irrigaci\u00f3n o transfusi\u00f3n m\u00e9dica de una forma precisa y efectiva.<\/p>\n<\/div> <\/div> <\/div><div class=\" one-third\"><div class=\"wpb_text_column \"><div class=\"wpb_wrapper\">\n<h5 class=\"hasicon\"><img decoding=\"async\" src=\"https:\/\/www.celsius-medical.com\/wp-content\/themes\/celsius\/images\/index\/icons\/3.png\" alt=\"\" height=\"20\" \/>\u00a0 INFORMACI\u00d3N CLINICA<\/h5>\n<p class=\"last\">Diferentes art\u00edculos de informaci\u00f3n cl\u00ednica sobre los diferentes tratamientos y sus posibles resultados.<\/p>\n<\/div> <\/div> <\/div><\/div><div class=\"wpb_text_column \"><div class=\"wpb_wrapper\">\n<h4>\u00bfSABIAS QUE\u2026?<\/h4>\n<h5><u><b>Fundamentos<\/b><\/u><\/h5>\n<ul>\n<li>\n<h5>Esta com\u00fanmente aceptado que, la hipotermia perioperatoria no intencionada, puede ocasionar grandes complicaciones para los pacientes quir\u00fargicos.<\/h5>\n<\/li>\n<li>\n<h5>Los sistemas convectivos de calentamiento por aire unidos a los sistemas secos de calentamiento de fluidos, han demostrado que son el m\u00e9todo m\u00e1s efectivo para mantener la normotermia de los pacientes, antes, durante y despu\u00e9s de la intervenci\u00f3n quir\u00fargica y , por tanto, prevenir las complicaciones asociadas a la hipotermia no intencional.<\/h5>\n<\/li>\n<li>\n<h5>El coste de implementaci\u00f3n de sistemas de calentamiento est\u00e1 justificado frente a los inconvenientes que suponen el tratamiento de las complicaciones derivadas de la hipotermia no intencional.<\/h5>\n<\/li>\n<\/ul>\n<\/div> <\/div> <\/div><\/div><\/div><\/section>\n\n\n<p><\/p>\n","protected":false},"excerpt":{"rendered":"","protected":false},"author":1,"featured_media":0,"parent":0,"menu_order":0,"comment_status":"closed","ping_status":"closed","template":"","meta":{"footnotes":""},"_links":{"self":[{"href":"https:\/\/celsius-medical.com\/celsius\/wp-json\/wp\/v2\/pages\/9"}],"collection":[{"href":"https:\/\/celsius-medical.com\/celsius\/wp-json\/wp\/v2\/pages"}],"about":[{"href":"https:\/\/celsius-medical.com\/celsius\/wp-json\/wp\/v2\/types\/page"}],"author":[{"embeddable":true,"href":"https:\/\/celsius-medical.com\/celsius\/wp-json\/wp\/v2\/users\/1"}],"replies":[{"embeddable":true,"href":"https:\/\/celsius-medical.com\/celsius\/wp-json\/wp\/v2\/comments?post=9"}],"version-history":[{"count":35,"href":"https:\/\/celsius-medical.com\/celsius\/wp-json\/wp\/v2\/pages\/9\/revisions"}],"predecessor-version":[{"id":369,"href":"https:\/\/celsius-medical.com\/celsius\/wp-json\/wp\/v2\/pages\/9\/revisions\/369"}],"wp:attachment":[{"href":"https:\/\/celsius-medical.com\/celsius\/wp-json\/wp\/v2\/media?parent=9"}],"curies":[{"name":"wp","href":"https:\/\/api.w.org\/{rel}","templated":true}]}}