{"id":197,"date":"2022-02-15T08:52:53","date_gmt":"2022-02-15T08:52:53","guid":{"rendered":"https:\/\/celsius-medical.com\/partners\/customer-area\/pagos\/pago-rechazado\/"},"modified":"2022-02-15T08:52:53","modified_gmt":"2022-02-15T08:52:53","slug":"pago-rechazado","status":"publish","type":"page","link":"https:\/\/celsius-medical.com\/partners\/es\/pagos\/pago-rechazado\/","title":{"rendered":"Pago rechazado"},"content":{"rendered":"Esta p\u00e1gina requiere permiso, quiz\u00e1s no deber\u00eda estar aqu\u00ed\n","protected":false},"excerpt":{"rendered":"","protected":false},"author":1,"featured_media":0,"parent":194,"menu_order":220,"comment_status":"closed","ping_status":"closed","template":"","meta":{"site-sidebar-layout":"default","site-content-layout":"default","ast-main-header-display":"","ast-hfb-above-header-display":"","ast-hfb-below-header-display":"","ast-hfb-mobile-header-display":"","site-post-title":"","ast-breadcrumbs-content":"","ast-featured-img":"","footer-sml-layout":"","theme-transparent-header-meta":"","adv-header-id-meta":"","stick-header-meta":"","header-above-stick-meta":"","header-main-stick-meta":"","header-below-stick-meta":"","footnotes":""},"class_list":["post-197","page","type-page","status-publish","hentry"],"_links":{"self":[{"href":"https:\/\/celsius-medical.com\/partners\/wp-json\/wp\/v2\/pages\/197","targetHints":{"allow":["GET"]}}],"collection":[{"href":"https:\/\/celsius-medical.com\/partners\/wp-json\/wp\/v2\/pages"}],"about":[{"href":"https:\/\/celsius-medical.com\/partners\/wp-json\/wp\/v2\/types\/page"}],"author":[{"embeddable":true,"href":"https:\/\/celsius-medical.com\/partners\/wp-json\/wp\/v2\/users\/1"}],"replies":[{"embeddable":true,"href":"https:\/\/celsius-medical.com\/partners\/wp-json\/wp\/v2\/comments?post=197"}],"version-history":[{"count":0,"href":"https:\/\/celsius-medical.com\/partners\/wp-json\/wp\/v2\/pages\/197\/revisions"}],"up":[{"embeddable":true,"href":"https:\/\/celsius-medical.com\/partners\/wp-json\/wp\/v2\/pages\/194"}],"wp:attachment":[{"href":"https:\/\/celsius-medical.com\/partners\/wp-json\/wp\/v2\/media?parent=197"}],"curies":[{"name":"wp","href":"https:\/\/api.w.org\/{rel}","templated":true}]}}