{"id":376,"date":"2024-06-05T13:10:02","date_gmt":"2024-06-05T13:10:02","guid":{"rendered":"https:\/\/celsius-medical.com\/partners\/customer-area\/mi-cuenta\/editar-cuenta\/"},"modified":"2024-06-05T13:10:02","modified_gmt":"2024-06-05T13:10:02","slug":"editar-cuenta","status":"publish","type":"page","link":"https:\/\/celsius-medical.com\/partners\/es\/customer-area\/mi-cuenta\/editar-cuenta\/","title":{"rendered":"Editar cuenta"},"content":{"rendered":"Esta p\u00e1gina requiere permiso, quiz\u00e1s no deber\u00eda estar aqu\u00ed\n","protected":false},"excerpt":{"rendered":"","protected":false},"author":1,"featured_media":0,"parent":374,"menu_order":820,"comment_status":"closed","ping_status":"closed","template":"","meta":{"site-sidebar-layout":"default","site-content-layout":"default","ast-main-header-display":"","ast-hfb-above-header-display":"","ast-hfb-below-header-display":"","ast-hfb-mobile-header-display":"","site-post-title":"","ast-breadcrumbs-content":"","ast-featured-img":"","footer-sml-layout":"","theme-transparent-header-meta":"","adv-header-id-meta":"","stick-header-meta":"","header-above-stick-meta":"","header-main-stick-meta":"","header-below-stick-meta":"","footnotes":""},"class_list":["post-376","page","type-page","status-publish","hentry"],"_links":{"self":[{"href":"https:\/\/celsius-medical.com\/partners\/wp-json\/wp\/v2\/pages\/376","targetHints":{"allow":["GET"]}}],"collection":[{"href":"https:\/\/celsius-medical.com\/partners\/wp-json\/wp\/v2\/pages"}],"about":[{"href":"https:\/\/celsius-medical.com\/partners\/wp-json\/wp\/v2\/types\/page"}],"author":[{"embeddable":true,"href":"https:\/\/celsius-medical.com\/partners\/wp-json\/wp\/v2\/users\/1"}],"replies":[{"embeddable":true,"href":"https:\/\/celsius-medical.com\/partners\/wp-json\/wp\/v2\/comments?post=376"}],"version-history":[{"count":0,"href":"https:\/\/celsius-medical.com\/partners\/wp-json\/wp\/v2\/pages\/376\/revisions"}],"up":[{"embeddable":true,"href":"https:\/\/celsius-medical.com\/partners\/wp-json\/wp\/v2\/pages\/374"}],"wp:attachment":[{"href":"https:\/\/celsius-medical.com\/partners\/wp-json\/wp\/v2\/media?parent=376"}],"curies":[{"name":"wp","href":"https:\/\/api.w.org\/{rel}","templated":true}]}}